{"id":3363,"date":"2015-01-18T17:33:05","date_gmt":"2015-01-18T17:33:05","guid":{"rendered":"http:\/\/xn--stuvstagrd-85a.se\/?page_id=3363"},"modified":"2017-10-22T17:14:35","modified_gmt":"2017-10-22T17:14:35","slug":"geografiskt-omrade","status":"publish","type":"page","link":"https:\/\/www.stuvstasnattringe.se\/index.php\/geografiskt-omrade\/","title":{"rendered":"Geografiskt omr\u00e5de"},"content":{"rendered":"<p>Villa\u00e4garna i Stuvsta\/Sn\u00e4ttringes\u00a0verksamhetsomr\u00e5de \u00e4r sedan stadge\u00e4ndringen p\u00e5 \u00e5rsm\u00f6tet 2016:<\/p>\n<p>Postnummeromr\u00e5dena 141 37 &#8212; 141 43, dvs i stort det som f\u00f6rut var Stuvsta municipalsamh\u00e4lle, samt vissa till detta omr\u00e5de angr\u00e4nsande delar av Huddinge kommun d\u00e4r detta inte g\u00f6r intr\u00e5ng p\u00e5 verksamhetsomr\u00e5den f\u00f6r n\u00e5gon till Villa\u00e4garnas Riksf\u00f6rbund ansluten villa\u00e4garef\u00f6rening under 2004.<\/p>\n<p>Karta \u00f6ver aktuella postnummeromr\u00e5den:<\/p>\n<p><img loading=\"lazy\" decoding=\"async\" class=\"alignnone wp-image-3369 size-full\" src=\"http:\/\/stuvstagard.se\/wp-content\/uploads\/2015\/01\/SGVF-karta.png\" alt=\"SGVF karta\" width=\"843\" height=\"607\" srcset=\"https:\/\/www.stuvstasnattringe.se\/wp-content\/uploads\/2015\/01\/SGVF-karta.png 843w, https:\/\/www.stuvstasnattringe.se\/wp-content\/uploads\/2015\/01\/SGVF-karta-300x216.png 300w, https:\/\/www.stuvstasnattringe.se\/wp-content\/uploads\/2015\/01\/SGVF-karta-705x508.png 705w, https:\/\/www.stuvstasnattringe.se\/wp-content\/uploads\/2015\/01\/SGVF-karta-450x324.png 450w\" sizes=\"auto, (max-width: 843px) 100vw, 843px\" \/><\/p>\n","protected":false},"excerpt":{"rendered":"<p>Villa\u00e4garna i Stuvsta\/Sn\u00e4ttringes\u00a0verksamhetsomr\u00e5de \u00e4r sedan stadge\u00e4ndringen p\u00e5 \u00e5rsm\u00f6tet 2016: Postnummeromr\u00e5dena 141 37 &#8212; 141 43, dvs i stort det som f\u00f6rut var Stuvsta municipalsamh\u00e4lle, samt vissa till detta omr\u00e5de angr\u00e4nsande delar av Huddinge kommun d\u00e4r detta inte g\u00f6r intr\u00e5ng p\u00e5 verksamhetsomr\u00e5den f\u00f6r n\u00e5gon till Villa\u00e4garnas Riksf\u00f6rbund ansluten villa\u00e4garef\u00f6rening under 2004. Karta \u00f6ver aktuella postnummeromr\u00e5den:<\/p>\n","protected":false},"author":1,"featured_media":0,"parent":0,"menu_order":0,"comment_status":"open","ping_status":"open","template":"","meta":{"footnotes":""},"class_list":["post-3363","page","type-page","status-publish","hentry"],"aioseo_notices":[],"_links":{"self":[{"href":"https:\/\/www.stuvstasnattringe.se\/index.php\/wp-json\/wp\/v2\/pages\/3363","targetHints":{"allow":["GET"]}}],"collection":[{"href":"https:\/\/www.stuvstasnattringe.se\/index.php\/wp-json\/wp\/v2\/pages"}],"about":[{"href":"https:\/\/www.stuvstasnattringe.se\/index.php\/wp-json\/wp\/v2\/types\/page"}],"author":[{"embeddable":true,"href":"https:\/\/www.stuvstasnattringe.se\/index.php\/wp-json\/wp\/v2\/users\/1"}],"replies":[{"embeddable":true,"href":"https:\/\/www.stuvstasnattringe.se\/index.php\/wp-json\/wp\/v2\/comments?post=3363"}],"version-history":[{"count":4,"href":"https:\/\/www.stuvstasnattringe.se\/index.php\/wp-json\/wp\/v2\/pages\/3363\/revisions"}],"predecessor-version":[{"id":4379,"href":"https:\/\/www.stuvstasnattringe.se\/index.php\/wp-json\/wp\/v2\/pages\/3363\/revisions\/4379"}],"wp:attachment":[{"href":"https:\/\/www.stuvstasnattringe.se\/index.php\/wp-json\/wp\/v2\/media?parent=3363"}],"curies":[{"name":"wp","href":"https:\/\/api.w.org\/{rel}","templated":true}]}}