{"id":3446,"date":"2015-01-24T19:55:04","date_gmt":"2015-01-24T19:55:04","guid":{"rendered":"http:\/\/xn--stuvstagrd-85a.se\/?page_id=3446"},"modified":"2016-09-28T17:17:03","modified_gmt":"2016-09-28T17:17:03","slug":"villa-agarnasriksforbund","status":"publish","type":"page","link":"https:\/\/www.stuvstasnattringe.se\/index.php\/villa-agarnasriksforbund\/","title":{"rendered":"Villa\u00e4garnas Riksf\u00f6rbund"},"content":{"rendered":"<p><a href=\"http:\/\/stuvstagard.se\/wp-content\/uploads\/2015\/01\/villaagarna.jpg\"><img loading=\"lazy\" decoding=\"async\" class=\"aligncenter size-full wp-image-3583\" src=\"http:\/\/stuvstagard.se\/wp-content\/uploads\/2015\/01\/villaagarna.jpg\" alt=\"villaagarna\" width=\"600\" height=\"214\" srcset=\"https:\/\/www.stuvstasnattringe.se\/wp-content\/uploads\/2015\/01\/villaagarna.jpg 600w, https:\/\/www.stuvstasnattringe.se\/wp-content\/uploads\/2015\/01\/villaagarna-300x107.jpg 300w, https:\/\/www.stuvstasnattringe.se\/wp-content\/uploads\/2015\/01\/villaagarna-450x161.jpg 450w\" sizes=\"auto, (max-width: 600px) 100vw, 600px\" \/><\/a><\/p>\n<p>&nbsp;<\/p>\n<p>Vi hj\u00e4lper dig<\/p>\n<div class=\"mainIntro\">\n<div>\n<p>I mer \u00e4n 60 \u00e5r har Villa\u00e4garna\u00a0p\u00e5 olika s\u00e4tt\u00a0arbetat f\u00f6r att hj\u00e4lpa dig i vardagen som hus\u00e4gare. Det t\u00e4nker vi forts\u00e4tta med.<\/p>\n<\/div>\n<\/div>\n<div class=\"mainImage\">Att \u00e4ga sitt hus betyder m\u00e5nga olika saker beroende p\u00e5 vem du fr\u00e5gar. F\u00f6r n\u00e5gon kan det handla om att f\u00e5 skapa sitt dr\u00f6mboende, f\u00f6r andra en rent praktisk l\u00f6sning p\u00e5 ett problem.<\/div>\n<div class=\"mainBody\">\n<p>Oavsett syns\u00e4tt st\u00e4ller hus\u00e4gande stora krav p\u00e5 dig. Du ska p\u00e5 egen hand eller tillsammans med din familj ta det fulla ansvaret f\u00f6r din boendesituation.<\/p>\n<p>Vi \u00e4r alla olika. Det som \u00e4r l\u00e4tt f\u00f6r n\u00e5gon \u00e4r sv\u00e5rare f\u00f6r n\u00e5gon annan. Och vissa problem g\u00e5r inte ens att l\u00f6sa utan att man g\u00e5r ihop och s\u00e4ger ifr\u00e5n tillsammans.<\/p>\n<p>&nbsp;<\/p>\n<p>Sedan 1952 har vi oavbrutet arbetat f\u00f6r att g\u00f6ra din vardag enklare. Problemen har skiftat \u00f6ver tiden. Men behovet av hj\u00e4lp och st\u00f6d \u00e4r konstant.<\/p>\n<p>N\u00e4r fastighetsskatten gjorde att m\u00e5nga inte klarade av att bo kvar i sina hus arbetade vi h\u00e5rt f\u00f6r rimligare villkor.<\/p>\n<p>&nbsp;<\/p>\n<p>&nbsp;<\/p>\n<p><strong>Fakta Villa\u00e4garna<\/strong><\/p>\n<ul>\n<li>F\u00f6rbundet har ca 300\u00a0000 medlemshush\u00e5ll \u00e5r 2015<\/li>\n<li>F\u00f6rbundet \u00e4r partipolitiskt obunden<\/li>\n<li>Medlemsarbetet bedrivs lokalt, regionalt och nationellt<\/li>\n<li>Huvudkontor i Stockholm och sju regionkontor fr\u00e5n norr till s\u00f6der<\/li>\n<li>250 lokalf\u00f6reningar tillvaratar medlemmarnas intressen p\u00e5 lokal och kommunal niv\u00e5<\/li>\n<li>Kvalificerad kompetens inom f\u00f6rbundets verksamhetsomr\u00e5den intressepolitik, r\u00e5dgivning och medlemsf\u00f6rm\u00e5ner \u2013 s\u00e5v\u00e4l rikst\u00e4ckande som regionala och lokala.<\/li>\n<\/ul>\n<\/div>\n","protected":false},"excerpt":{"rendered":"<p>&nbsp; Vi hj\u00e4lper dig I mer \u00e4n 60 \u00e5r har Villa\u00e4garna\u00a0p\u00e5 olika s\u00e4tt\u00a0arbetat f\u00f6r att hj\u00e4lpa dig i vardagen som hus\u00e4gare. Det t\u00e4nker vi forts\u00e4tta med. Att \u00e4ga sitt hus betyder m\u00e5nga olika saker beroende p\u00e5 vem du fr\u00e5gar. F\u00f6r n\u00e5gon kan det handla om att f\u00e5 skapa sitt dr\u00f6mboende, f\u00f6r andra en rent praktisk [&hellip;]<\/p>\n","protected":false},"author":1,"featured_media":0,"parent":0,"menu_order":0,"comment_status":"closed","ping_status":"open","template":"","meta":{"footnotes":""},"class_list":["post-3446","page","type-page","status-publish","hentry"],"aioseo_notices":[],"_links":{"self":[{"href":"https:\/\/www.stuvstasnattringe.se\/index.php\/wp-json\/wp\/v2\/pages\/3446","targetHints":{"allow":["GET"]}}],"collection":[{"href":"https:\/\/www.stuvstasnattringe.se\/index.php\/wp-json\/wp\/v2\/pages"}],"about":[{"href":"https:\/\/www.stuvstasnattringe.se\/index.php\/wp-json\/wp\/v2\/types\/page"}],"author":[{"embeddable":true,"href":"https:\/\/www.stuvstasnattringe.se\/index.php\/wp-json\/wp\/v2\/users\/1"}],"replies":[{"embeddable":true,"href":"https:\/\/www.stuvstasnattringe.se\/index.php\/wp-json\/wp\/v2\/comments?post=3446"}],"version-history":[{"count":1,"href":"https:\/\/www.stuvstasnattringe.se\/index.php\/wp-json\/wp\/v2\/pages\/3446\/revisions"}],"predecessor-version":[{"id":4101,"href":"https:\/\/www.stuvstasnattringe.se\/index.php\/wp-json\/wp\/v2\/pages\/3446\/revisions\/4101"}],"wp:attachment":[{"href":"https:\/\/www.stuvstasnattringe.se\/index.php\/wp-json\/wp\/v2\/media?parent=3446"}],"curies":[{"name":"wp","href":"https:\/\/api.w.org\/{rel}","templated":true}]}}