{"id":3991,"date":"2016-09-22T07:54:56","date_gmt":"2016-09-22T07:54:56","guid":{"rendered":"http:\/\/stuvstagard.se\/?page_id=3991"},"modified":"2017-10-22T17:18:27","modified_gmt":"2017-10-22T17:18:27","slug":"detaljplan-for-hogmora","status":"publish","type":"page","link":"https:\/\/www.stuvstasnattringe.se\/index.php\/detaljplan-for-hogmora\/","title":{"rendered":"Detaljplan f\u00f6r H\u00f6gmora"},"content":{"rendered":"<p>Planen avser delomr\u00e5de I och II och syftar till bebyggelseexploatering.<\/p>\n<p><a href=\"http:\/\/stuvstagard.se\/Detaljplan_hogmora_2008.pdf\" target=\"_blank\" rel=\"noopener\">Se Villa\u00e4garna i Stuvsta\/Sn\u00e4ttringes remisssvar (2008) h\u00e4r:<\/a>\u00a0\u00a0<a href=\"http:\/\/stuvstagard.se\/Detaljplan_hogmora_2008.pdf\"><img loading=\"lazy\" decoding=\"async\" class=\"alignnone size-thumbnail wp-image-4121\" src=\"http:\/\/stuvstagard.se\/wp-content\/uploads\/2016\/09\/stuvsta_pdf_knapp-80x59.png\" alt=\"stuvsta_pdf_knapp\" width=\"80\" height=\"59\" \/><\/a><\/p>\n<p><a href=\"http:\/\/stuvstagard.se\/Detaljplan_hogmora_2011.pdf\" target=\"_blank\" rel=\"noopener\">Se Villa\u00e4garna i Stuvsta\/Sn\u00e4ttringes remisssvar (2011) h\u00e4r:<\/a>\u00a0\u00a0<a href=\"http:\/\/stuvstagard.se\/Detaljplan_hogmora_2011.pdf\"><img loading=\"lazy\" decoding=\"async\" class=\"alignnone size-thumbnail wp-image-4121\" src=\"http:\/\/stuvstagard.se\/wp-content\/uploads\/2016\/09\/stuvsta_pdf_knapp-80x59.png\" alt=\"stuvsta_pdf_knapp\" width=\"80\" height=\"59\" \/><\/a><\/p>\n<p><a href=\"http:\/\/stuvstagard.se\/Detaljplan_Hogmora_2012.pdf\" target=\"_blank\" rel=\"noopener\">Se Villa\u00e4garna i Stuvsta\/Sn\u00e4ttringes remisssvar (2012) h\u00e4r:<\/a>\u00a0\u00a0<a href=\"http:\/\/stuvstagard.se\/Detaljplan_Hogmora_2012.pdf\"><img loading=\"lazy\" decoding=\"async\" class=\"alignnone size-thumbnail wp-image-4121\" src=\"http:\/\/stuvstagard.se\/wp-content\/uploads\/2016\/09\/stuvsta_pdf_knapp-80x59.png\" alt=\"stuvsta_pdf_knapp\" width=\"80\" height=\"59\" \/><\/a><\/p>\n<p>&nbsp;<\/p>\n","protected":false},"excerpt":{"rendered":"<p>Planen avser delomr\u00e5de I och II och syftar till bebyggelseexploatering. Se Villa\u00e4garna i Stuvsta\/Sn\u00e4ttringes remisssvar (2008) h\u00e4r:\u00a0\u00a0 Se Villa\u00e4garna i Stuvsta\/Sn\u00e4ttringes remisssvar (2011) h\u00e4r:\u00a0\u00a0 Se Villa\u00e4garna i Stuvsta\/Sn\u00e4ttringes remisssvar (2012) h\u00e4r:\u00a0\u00a0 &nbsp;<\/p>\n","protected":false},"author":1,"featured_media":0,"parent":0,"menu_order":0,"comment_status":"closed","ping_status":"closed","template":"","meta":{"footnotes":""},"class_list":["post-3991","page","type-page","status-publish","hentry"],"aioseo_notices":[],"_links":{"self":[{"href":"https:\/\/www.stuvstasnattringe.se\/index.php\/wp-json\/wp\/v2\/pages\/3991","targetHints":{"allow":["GET"]}}],"collection":[{"href":"https:\/\/www.stuvstasnattringe.se\/index.php\/wp-json\/wp\/v2\/pages"}],"about":[{"href":"https:\/\/www.stuvstasnattringe.se\/index.php\/wp-json\/wp\/v2\/types\/page"}],"author":[{"embeddable":true,"href":"https:\/\/www.stuvstasnattringe.se\/index.php\/wp-json\/wp\/v2\/users\/1"}],"replies":[{"embeddable":true,"href":"https:\/\/www.stuvstasnattringe.se\/index.php\/wp-json\/wp\/v2\/comments?post=3991"}],"version-history":[{"count":5,"href":"https:\/\/www.stuvstasnattringe.se\/index.php\/wp-json\/wp\/v2\/pages\/3991\/revisions"}],"predecessor-version":[{"id":4385,"href":"https:\/\/www.stuvstasnattringe.se\/index.php\/wp-json\/wp\/v2\/pages\/3991\/revisions\/4385"}],"wp:attachment":[{"href":"https:\/\/www.stuvstasnattringe.se\/index.php\/wp-json\/wp\/v2\/media?parent=3991"}],"curies":[{"name":"wp","href":"https:\/\/api.w.org\/{rel}","templated":true}]}}