{"id":4016,"date":"2016-09-22T10:59:47","date_gmt":"2016-09-22T10:59:47","guid":{"rendered":"http:\/\/stuvstagard.se\/?page_id=4016"},"modified":"2017-11-12T16:26:34","modified_gmt":"2017-11-12T16:26:34","slug":"detaljplan-for-ripan-6","status":"publish","type":"page","link":"https:\/\/www.stuvstasnattringe.se\/index.php\/detaljplan-for-ripan-6\/","title":{"rendered":"Sporthall Ripan 6 2013"},"content":{"rendered":"<p>Planen syftar till att etablera en \u201dM\u00f6tesplats Stuvsta\u201d med en ny sporthall och ungdomsg\u00e5rd p\u00e5 Stuvsta idrottsplats<\/p>\n<p><a href=\"http:\/\/stuvstagard.se\/ripan.pdf\" target=\"_blank\" rel=\"noopener\">Se Villa\u00e4garna i Stuvsta\/Sn\u00e4ttringes remissvar (2013) h\u00e4r:<\/a>\u00a0\u00a0<a href=\"http:\/\/stuvstagard.se\/ripan.pdf\"><img loading=\"lazy\" decoding=\"async\" class=\"alignnone size-thumbnail wp-image-4121\" src=\"http:\/\/stuvstagard.se\/wp-content\/uploads\/2016\/09\/stuvsta_pdf_knapp-80x59.png\" alt=\"stuvsta_pdf_knapp\" width=\"80\" height=\"59\" \/><\/a><\/p>\n<p>&nbsp;<\/p>\n<div><strong>Hur gick det?<\/strong><\/div>\n<div><\/div>\n<div>Stuvstahallen f\u00e4rdigst\u00e4lldes och invigdes den 2 september 2017. Hallen \u00e4r tillg\u00e4nglig f\u00f6r bl.a. innebandy, basket, dans och med caf\u00e9.<\/div>\n","protected":false},"excerpt":{"rendered":"<p>Planen syftar till att etablera en \u201dM\u00f6tesplats Stuvsta\u201d med en ny sporthall och ungdomsg\u00e5rd p\u00e5 Stuvsta idrottsplats Se Villa\u00e4garna i Stuvsta\/Sn\u00e4ttringes remissvar (2013) h\u00e4r:\u00a0\u00a0 &nbsp; Hur gick det? Stuvstahallen f\u00e4rdigst\u00e4lldes och invigdes den 2 september 2017. Hallen \u00e4r tillg\u00e4nglig f\u00f6r bl.a. innebandy, basket, dans och med caf\u00e9.<\/p>\n","protected":false},"author":1,"featured_media":0,"parent":0,"menu_order":0,"comment_status":"closed","ping_status":"closed","template":"","meta":{"footnotes":""},"class_list":["post-4016","page","type-page","status-publish","hentry"],"aioseo_notices":[],"_links":{"self":[{"href":"https:\/\/www.stuvstasnattringe.se\/index.php\/wp-json\/wp\/v2\/pages\/4016","targetHints":{"allow":["GET"]}}],"collection":[{"href":"https:\/\/www.stuvstasnattringe.se\/index.php\/wp-json\/wp\/v2\/pages"}],"about":[{"href":"https:\/\/www.stuvstasnattringe.se\/index.php\/wp-json\/wp\/v2\/types\/page"}],"author":[{"embeddable":true,"href":"https:\/\/www.stuvstasnattringe.se\/index.php\/wp-json\/wp\/v2\/users\/1"}],"replies":[{"embeddable":true,"href":"https:\/\/www.stuvstasnattringe.se\/index.php\/wp-json\/wp\/v2\/comments?post=4016"}],"version-history":[{"count":5,"href":"https:\/\/www.stuvstasnattringe.se\/index.php\/wp-json\/wp\/v2\/pages\/4016\/revisions"}],"predecessor-version":[{"id":4428,"href":"https:\/\/www.stuvstasnattringe.se\/index.php\/wp-json\/wp\/v2\/pages\/4016\/revisions\/4428"}],"wp:attachment":[{"href":"https:\/\/www.stuvstasnattringe.se\/index.php\/wp-json\/wp\/v2\/media?parent=4016"}],"curies":[{"name":"wp","href":"https:\/\/api.w.org\/{rel}","templated":true}]}}