{"id":4037,"date":"2016-09-22T16:41:35","date_gmt":"2016-09-22T16:41:35","guid":{"rendered":"http:\/\/stuvstagard.se\/?page_id=4037"},"modified":"2017-10-24T16:31:22","modified_gmt":"2017-10-24T16:31:22","slug":"gangbro-huddingevagen","status":"publish","type":"page","link":"https:\/\/www.stuvstasnattringe.se\/index.php\/gangbro-huddingevagen\/","title":{"rendered":"G\u00e5ngbro huddingev\u00e4gen"},"content":{"rendered":"<p>D\u00e5 det kommer att dr\u00f6ja till efter 2020 innan Huddingev\u00e4gen byggs om, m\u00e5ste n\u00e5got g\u00f6ras \u00e5t korsningen Huddingev\u00e4gen \u2013 \u00c5gestav\u00e4gen\/Stuvstaleden. Villa\u00e4garna i Stuvsta\/Sn\u00e4ttringe har gjort ett f\u00f6rslag till g\u00e5ng- och cykelbro som politikerna har lovat behandla seri\u00f6st om Huddingev\u00e4gens ombyggnad inte kommer f\u00f6re 2020 vilket nu allts\u00e5 \u00e4r fallet. F\u00e5r se om de lever upp till l\u00f6ftet?! Ett \u00e5tg\u00e4rdsprogram har dock startats f\u00f6r \u00f6kad s\u00e4kerhet f\u00f6r oskyddade trafikanter som sannolikt kommer att inneh\u00e5lla n\u00e5gon form av g\u00e5ng- och cykelbro \u00f6ver i vart fall Huddingev\u00e4gen.<\/p>\n<p><img loading=\"lazy\" decoding=\"async\" class=\"alignnone wp-image-3420 size-featured_large\" src=\"http:\/\/stuvstagard.se\/wp-content\/uploads\/2015\/01\/GCbro-1343x630.jpg\" alt=\"GCbro\" width=\"1343\" height=\"630\" \/><\/p>\n","protected":false},"excerpt":{"rendered":"<p>D\u00e5 det kommer att dr\u00f6ja till efter 2020 innan Huddingev\u00e4gen byggs om, m\u00e5ste n\u00e5got g\u00f6ras \u00e5t korsningen Huddingev\u00e4gen \u2013 \u00c5gestav\u00e4gen\/Stuvstaleden. Villa\u00e4garna i Stuvsta\/Sn\u00e4ttringe har gjort ett f\u00f6rslag till g\u00e5ng- och cykelbro som politikerna har lovat behandla seri\u00f6st om Huddingev\u00e4gens ombyggnad inte kommer f\u00f6re 2020 vilket nu allts\u00e5 \u00e4r fallet. F\u00e5r se om de lever upp [&hellip;]<\/p>\n","protected":false},"author":1,"featured_media":0,"parent":0,"menu_order":0,"comment_status":"closed","ping_status":"closed","template":"","meta":{"footnotes":""},"class_list":["post-4037","page","type-page","status-publish","hentry"],"aioseo_notices":[],"_links":{"self":[{"href":"https:\/\/www.stuvstasnattringe.se\/index.php\/wp-json\/wp\/v2\/pages\/4037","targetHints":{"allow":["GET"]}}],"collection":[{"href":"https:\/\/www.stuvstasnattringe.se\/index.php\/wp-json\/wp\/v2\/pages"}],"about":[{"href":"https:\/\/www.stuvstasnattringe.se\/index.php\/wp-json\/wp\/v2\/types\/page"}],"author":[{"embeddable":true,"href":"https:\/\/www.stuvstasnattringe.se\/index.php\/wp-json\/wp\/v2\/users\/1"}],"replies":[{"embeddable":true,"href":"https:\/\/www.stuvstasnattringe.se\/index.php\/wp-json\/wp\/v2\/comments?post=4037"}],"version-history":[{"count":4,"href":"https:\/\/www.stuvstasnattringe.se\/index.php\/wp-json\/wp\/v2\/pages\/4037\/revisions"}],"predecessor-version":[{"id":4408,"href":"https:\/\/www.stuvstasnattringe.se\/index.php\/wp-json\/wp\/v2\/pages\/4037\/revisions\/4408"}],"wp:attachment":[{"href":"https:\/\/www.stuvstasnattringe.se\/index.php\/wp-json\/wp\/v2\/media?parent=4037"}],"curies":[{"name":"wp","href":"https:\/\/api.w.org\/{rel}","templated":true}]}}