{"id":4199,"date":"2016-11-08T07:49:24","date_gmt":"2016-11-08T07:49:24","guid":{"rendered":"http:\/\/stuvstagard.se\/?page_id=4199"},"modified":"2017-10-27T07:53:07","modified_gmt":"2017-10-27T07:53:07","slug":"lokalhyror","status":"publish","type":"page","link":"https:\/\/www.stuvstasnattringe.se\/index.php\/lokalhyror\/","title":{"rendered":"Lokalhyror"},"content":{"rendered":"<div>Huddinge kommun f\u00f6resl\u00e5r att utnyttjandet av kommunens lokaler ska avgiftsbel\u00e4ggas.<\/div>\n<div><\/div>\n<div><a href=\"http:\/\/stuvstagard.se\/Synpunkter_foreningstaxor_nov-16.pdf\">Se Villa\u00e4garna i Stuvsta\/Sn\u00e4ttringes synpunkter (2016) h\u00e4r:<\/a>\u00a0\u00a0<a href=\"http:\/\/stuvstagard.se\/Synpunkter_foreningstaxor_nov-16.pdf\"><img loading=\"lazy\" decoding=\"async\" class=\"alignnone size-thumbnail wp-image-4121\" src=\"http:\/\/stuvstagard.se\/wp-content\/uploads\/2016\/09\/stuvsta_pdf_knapp-80x59.png\" alt=\"stuvsta_pdf_knapp\" width=\"80\" height=\"59\" \/><\/a><\/div>\n<div><\/div>\n<p><\/br><br \/>\n&nbsp;<\/p>\n<div>\n<h4><strong>Hur gick det?<\/strong><\/h4>\n<div>Trots m\u00e5nga protester besl\u00f6t kommunen att fr.o.m. h\u00f6sten 2017 avgiftsbel\u00e4gga f\u00f6reningar som anv\u00e4nder kommunens lokaler. Som exempel kan n\u00e4mnas att vi kommer att f\u00e5 betala 1400 kr f\u00f6r att kunna h\u00e5lla \u00e5rsm\u00f6te i stationshuset i Stuvsta.<\/div>\n<\/div>\n","protected":false},"excerpt":{"rendered":"<p>Huddinge kommun f\u00f6resl\u00e5r att utnyttjandet av kommunens lokaler ska avgiftsbel\u00e4ggas. Se Villa\u00e4garna i Stuvsta\/Sn\u00e4ttringes synpunkter (2016) h\u00e4r:\u00a0\u00a0 &nbsp; Hur gick det? Trots m\u00e5nga protester besl\u00f6t kommunen att fr.o.m. h\u00f6sten 2017 avgiftsbel\u00e4gga f\u00f6reningar som anv\u00e4nder kommunens lokaler. Som exempel kan n\u00e4mnas att vi kommer att f\u00e5 betala 1400 kr f\u00f6r att kunna h\u00e5lla \u00e5rsm\u00f6te i stationshuset [&hellip;]<\/p>\n","protected":false},"author":1,"featured_media":0,"parent":0,"menu_order":0,"comment_status":"closed","ping_status":"closed","template":"","meta":{"footnotes":""},"class_list":["post-4199","page","type-page","status-publish","hentry"],"aioseo_notices":[],"_links":{"self":[{"href":"https:\/\/www.stuvstasnattringe.se\/index.php\/wp-json\/wp\/v2\/pages\/4199","targetHints":{"allow":["GET"]}}],"collection":[{"href":"https:\/\/www.stuvstasnattringe.se\/index.php\/wp-json\/wp\/v2\/pages"}],"about":[{"href":"https:\/\/www.stuvstasnattringe.se\/index.php\/wp-json\/wp\/v2\/types\/page"}],"author":[{"embeddable":true,"href":"https:\/\/www.stuvstasnattringe.se\/index.php\/wp-json\/wp\/v2\/users\/1"}],"replies":[{"embeddable":true,"href":"https:\/\/www.stuvstasnattringe.se\/index.php\/wp-json\/wp\/v2\/comments?post=4199"}],"version-history":[{"count":5,"href":"https:\/\/www.stuvstasnattringe.se\/index.php\/wp-json\/wp\/v2\/pages\/4199\/revisions"}],"predecessor-version":[{"id":4416,"href":"https:\/\/www.stuvstasnattringe.se\/index.php\/wp-json\/wp\/v2\/pages\/4199\/revisions\/4416"}],"wp:attachment":[{"href":"https:\/\/www.stuvstasnattringe.se\/index.php\/wp-json\/wp\/v2\/media?parent=4199"}],"curies":[{"name":"wp","href":"https:\/\/api.w.org\/{rel}","templated":true}]}}