{"id":4458,"date":"2017-12-16T16:54:23","date_gmt":"2017-12-16T16:54:23","guid":{"rendered":"https:\/\/www.stuvstasnattringe.se\/?page_id=4458"},"modified":"2017-12-16T16:54:23","modified_gmt":"2017-12-16T16:54:23","slug":"djupasvagen-1-tigern-20","status":"publish","type":"page","link":"https:\/\/www.stuvstasnattringe.se\/index.php\/djupasvagen-1-tigern-20\/","title":{"rendered":"Djup\u00e5sv\u00e4gen 1 (Tigern 20)"},"content":{"rendered":"<p>Innovation Properties Sverige AB ans\u00f6kte 2015 om \u00e4ndring av detaljplanen och &#8221;positivt planbesked&#8221; gavs 2016 av kommunen. Planarbetet f\u00f6rv\u00e4ntas bli p\u00e5b\u00f6rjat 2018\u00a0och det nya bygget med f\u00f6rskola och 34 l\u00e4genheter i 4-6 v\u00e5ningar bed\u00f6ms kunna vara f\u00e4rdigt tidigast 2020.<\/p>\n","protected":false},"excerpt":{"rendered":"<p>Innovation Properties Sverige AB ans\u00f6kte 2015 om \u00e4ndring av detaljplanen och &#8221;positivt planbesked&#8221; gavs 2016 av kommunen. Planarbetet f\u00f6rv\u00e4ntas bli p\u00e5b\u00f6rjat 2018\u00a0och det nya bygget med f\u00f6rskola och 34 l\u00e4genheter i 4-6 v\u00e5ningar bed\u00f6ms kunna vara f\u00e4rdigt tidigast 2020.<\/p>\n","protected":false},"author":1,"featured_media":0,"parent":0,"menu_order":0,"comment_status":"closed","ping_status":"closed","template":"","meta":{"footnotes":""},"class_list":["post-4458","page","type-page","status-publish","hentry"],"aioseo_notices":[],"_links":{"self":[{"href":"https:\/\/www.stuvstasnattringe.se\/index.php\/wp-json\/wp\/v2\/pages\/4458","targetHints":{"allow":["GET"]}}],"collection":[{"href":"https:\/\/www.stuvstasnattringe.se\/index.php\/wp-json\/wp\/v2\/pages"}],"about":[{"href":"https:\/\/www.stuvstasnattringe.se\/index.php\/wp-json\/wp\/v2\/types\/page"}],"author":[{"embeddable":true,"href":"https:\/\/www.stuvstasnattringe.se\/index.php\/wp-json\/wp\/v2\/users\/1"}],"replies":[{"embeddable":true,"href":"https:\/\/www.stuvstasnattringe.se\/index.php\/wp-json\/wp\/v2\/comments?post=4458"}],"version-history":[{"count":1,"href":"https:\/\/www.stuvstasnattringe.se\/index.php\/wp-json\/wp\/v2\/pages\/4458\/revisions"}],"predecessor-version":[{"id":4459,"href":"https:\/\/www.stuvstasnattringe.se\/index.php\/wp-json\/wp\/v2\/pages\/4458\/revisions\/4459"}],"wp:attachment":[{"href":"https:\/\/www.stuvstasnattringe.se\/index.php\/wp-json\/wp\/v2\/media?parent=4458"}],"curies":[{"name":"wp","href":"https:\/\/api.w.org\/{rel}","templated":true}]}}