{"id":5505,"date":"2023-05-11T15:26:42","date_gmt":"2023-05-11T15:26:42","guid":{"rendered":"https:\/\/www.stuvstasnattringe.se\/?page_id=5505"},"modified":"2023-05-13T08:05:26","modified_gmt":"2023-05-13T08:05:26","slug":"kulturmiljo-bakgrund","status":"publish","type":"page","link":"https:\/\/www.stuvstasnattringe.se\/index.php\/kulturmiljo-bakgrund\/","title":{"rendered":"Kulturmilj\u00f6 &#8211; Bakgrund"},"content":{"rendered":"\n<div class=\"wp-block-group\"><div class=\"wp-block-group__inner-container is-layout-constrained wp-block-group-is-layout-constrained\">\n<h2 class=\"wp-block-heading\">Bakgrund<\/h2>\n\n\n\n<p>Den 1:a juli 1987 tr\u00e4dde <a href=\"https:\/\/lagen.nu\/1987:10\" title=\"\">Plan- och bygglag (1987:10), \u00c4PBL<\/a>, i kraft i Sverige. Enligt denna lag var alla kommuner skyldiga att uppr\u00e4tta en \u00f6versiktsplan f\u00f6r hela kommunen. \u00d6versiktsplanen omfattar hela kommunen och ska ge v\u00e4gledning f\u00f6r hur mark- och vattenomr\u00e5den ska anv\u00e4ndas och hur den byggda milj\u00f6n ska anv\u00e4ndas, utvecklas och bevaras.<\/p>\n\n\n\n<p>Detta innebar f\u00f6r kulturminnesv\u00e5rden att skyddszoner skulle redovisas och beskrivas i \u00f6versiktsplanen f\u00f6r kulturbyggnader och omr\u00e5den med kulturhistorisk eller tidstypiskt villabebyggelse. De kulturhistoriska bebyggelseomr\u00e5dena klassificerades och riktlinjer skapades f\u00f6r hur kulturv\u00e4rdena skulle beaktas.<\/p>\n\n\n\n<h3 class=\"wp-block-heading\">Medborgarinflytande<\/h3>\n\n\n\n<p>I propositionen till \u00c4PBL resonerade bostadsminister Hans Gustavsson om hur kommunerna b\u00f6r ta fram program f\u00f6r kulturskydd. Det b\u00f6r ske genom en demokratisk process d\u00e4r de boende involveras, skrev han. P\u00e5 s\u00e5 s\u00e4tt f\u00f6rankras f\u00f6rst\u00e5elsen och k\u00e4nslan av delaktighet hos de boende, samtidigt som det tvingar f\u00f6rfattarna till programmet att motivera och f\u00f6rklara sina f\u00f6rslag. Man undviker svepande generaliseringar som omfattar v\u00e4ldiga omr\u00e5den. <a href=\"https:\/\/www.riksdagen.se\/sv\/dokument-lagar\/dokument\/proposition\/med-forslag-till-ny-plan--och-bygglag_G9031\" target=\"_blank\" rel=\"noreferrer noopener\">Se Proposition 1985\/86:1, sidan 482.<\/a><\/p>\n\n\n\n<p>I propositionen om \u00e4ndringar i lagen om \u00f6versiktsplanering 1996 utvecklade milj\u00f6minister Margaretha Winberg hur viktigt det \u00e4r med demokratiskt inflytande i arbetet med kulturmilj\u00f6program. <a href=\"https:\/\/www.riksdagen.se\/sv\/dokument-lagar\/dokument\/proposition\/kommunal-oversiktsplanering-enligt-plan--och_GI03230\" target=\"_blank\" rel=\"noreferrer noopener\">Se Proposition 1994\/95:230. sidorna 38-39.<\/a><\/p>\n<\/div><\/div>\n\n\n\n<p><strong>De h\u00e4r rekommendationerna verkar Huddinge kommun ha missat. Kulturmilj\u00f6program 2019 kom till utan att de ber\u00f6rda blev tillfr\u00e5gade. De flesta vet fortfarande inte om att de bor i en \u201ds\u00e4rskilt v\u00e4rdefull kulturmilj\u00f6\u201d.<\/strong><\/p>\n\n\n\n<div class=\"wp-block-group\"><div class=\"wp-block-group__inner-container is-layout-constrained wp-block-group-is-layout-constrained\">\n<h2 class=\"wp-block-heading\">Kulturmilj\u00f6inventering 1986 (<a href=\"#kmi1986\" title=\"\">KMI1986<\/a>)<\/h2>\n\n\n\n<p>Huddinges f\u00f6rsta kulturmilj\u00f6inventering togs fram under \u00e5ren 1984 &#8211; 1986 som en delrapport till \u00f6versiktsplanen, KMI1986. Detta arbete geomf\u00f6rdes i samarbete mellan kommunen och Stockholms l\u00e4ns museum.&nbsp;<\/p>\n\n\n\n<p>Varje milj\u00f6 som bed\u00f6mdes ha ett kulturhistoriskt eller milj\u00f6estetiskt v\u00e4rde har givits ett uppslag med beskrivande text, kartredovisning och ett eller flera representativa fotografier. I flera fall har ett omr\u00e5de delats upp i underomr\u00e5den beroende p\u00e5 olika grad av kulturhistoriskt v\u00e4rde och d\u00e4rmed ocks\u00e5 olika grad av restriktioner.<\/p>\n\n\n\n<p>Omr\u00e5dena har vid bed\u00f6mningen utv\u00e4rderats med h\u00e4nsyn till typ och ambitionsniv\u00e5 enligt f\u00f6ljande:<\/p>\n\n\n\n<ul class=\"wp-block-list\">\n<li>A &#8211; Milj\u00f6 eller enstaka byggnader, d\u00e4r byggnadernas enskilda v\u00e4rden bed\u00f6ms s\u00e5 stora att h\u00f6gsta antikvariska h\u00e4nsynstagande \u00e4r motiverat vid f\u00f6r\u00e4ndringar och bebyggelsekompletteringar.<\/li>\n\n\n\n<li>B &#8211; Bebyggelsemilj\u00f6 d\u00e4r de samlade kulturhistoriska och\/eller milj\u00f6m\u00e4ssiga v\u00e4rdena \u00e4r stora och st\u00e5r \u00f6ver de enskilda byggnadernas individuella v\u00e4rden. H\u00e4r g\u00e4ller h\u00f6ga krav p\u00e5 anpassning vad g\u00e4ller s\u00e5v\u00e4l f\u00e4rg, form, material och l\u00e4ge vid f\u00f6r\u00e4ndring av befintlig bebyggelse och vid nytillkommande bebyggelse.<\/li>\n\n\n\n<li>C &#8211; Bebyggelsemilj\u00f6 som kan sakna homogen karakt\u00e4r men likv\u00e4l bed\u00f6ms ha kulturhistoriskt och\/eller milj\u00f6m\u00e4ssigt v\u00e4rde. Anpassningskraven g\u00e4ller h\u00e4r s\u00e5v\u00e4l l\u00e4ge, f\u00e4rg, form som material.<\/li>\n\n\n\n<li>LA &#8211; Kulturlandskapsmilj\u00f6 av s\u00e5 stort v\u00e4rde att varje ingrepp eller f\u00f6r\u00e4ndring vore ol\u00e4mpligt. N\u00e5gon bebyggelsekomplettering b\u00f6r ej ske och f\u00f6r\u00e4ndringar kr\u00e4ver st\u00f6rsta antikvariatiska h\u00e4nsynstagande. I vissa fall kr\u00e4vs att sk\u00f6tsel- eller v\u00e5rdplaner uppr\u00e4ttas<\/li>\n\n\n\n<li>L &#8211; Natur och\/eller kulturlandskapsmilj\u00f6 med s\u00e5 stora kulturhistoriska\/milj\u00f6m\u00e4ssiga v\u00e4rden att s\u00e4rskilda restriktioner g\u00e4ller f\u00f6r eventuella f\u00f6r\u00e4ndringar. Vid tillkommande bebyggelse st\u00e4lls krav p\u00e5 placering och utformning i enlighet med landskapets karakteristiska bebyggelse- och odlingsm\u00f6nster.<\/li>\n<\/ul>\n<\/div><\/div>\n\n\n\n<div class=\"wp-block-group\"><div class=\"wp-block-group__inner-container is-layout-constrained wp-block-group-is-layout-constrained\">\n<h2 class=\"wp-block-heading\">Reviderad kulturmilj\u00f6inventering 2003 (<a href=\"#rkmi2003\" title=\"\">RKMI2003<\/a>)<\/h2>\n\n\n\n<div class=\"wp-block-group is-vertical is-layout-flex wp-container-core-group-is-layout-8cf370e7 wp-block-group-is-layout-flex\">\n<p>\u00c5r 2000 fick Stockholms l\u00e4ns museum uppdraget att revidera kulturmilj\u00f6inventeringen fr\u00e5n 1986. Revideringen har f\u00f6rsett de utvalda milj\u00f6erna med nya beskrivningar, bed\u00f6mningar och riktlinjer grundade p\u00e5 aktuella kulturhistoriska v\u00e4rderingar.&nbsp;<\/p>\n\n\n\n<p>Bed\u00f6mningen beskriver omr\u00e5dets v\u00e4rde och karakt\u00e4rsdrag. Avsikten med riktlinjerna \u00e4r att tydligg\u00f6ra de h\u00e4nsynstaganden som kr\u00e4vs f\u00f6r att milj\u00f6v\u00e4rden ska best\u00e5<\/p>\n\n\n\n<div class=\"wp-block-group\"><div class=\"wp-block-group__inner-container is-layout-constrained wp-block-group-is-layout-constrained\">\n<p>Kartbilderna fr\u00e5n 1986 \u00e4r nu ersatta med flygbilder och de tydliga ambitionsniv\u00e5erna \u00e4r bortplockade. H\u00e4r exemplifierat av Centrala Stuvsta med Segersminneomr\u00e5det.<\/p>\n<\/div><\/div>\n\n\n\n<figure class=\"wp-block-image size-full\"><a href=\"https:\/\/www.stuvstasnattringe.se\/wp-content\/uploads\/2023\/05\/rkmi2003-1.png\"><img loading=\"lazy\" decoding=\"async\" width=\"908\" height=\"470\" src=\"https:\/\/www.stuvstasnattringe.se\/wp-content\/uploads\/2023\/05\/rkmi2003-1.png\" alt=\"\" class=\"wp-image-5513\" srcset=\"https:\/\/www.stuvstasnattringe.se\/wp-content\/uploads\/2023\/05\/rkmi2003-1.png 908w, https:\/\/www.stuvstasnattringe.se\/wp-content\/uploads\/2023\/05\/rkmi2003-1-300x155.png 300w, https:\/\/www.stuvstasnattringe.se\/wp-content\/uploads\/2023\/05\/rkmi2003-1-768x398.png 768w, https:\/\/www.stuvstasnattringe.se\/wp-content\/uploads\/2023\/05\/rkmi2003-1-705x365.png 705w\" sizes=\"auto, (max-width: 908px) 100vw, 908px\" \/><\/a><\/figure>\n<\/div>\n<\/div><\/div>\n\n\n\n<div class=\"wp-block-group\"><div class=\"wp-block-group__inner-container is-layout-constrained wp-block-group-is-layout-constrained\">\n<h2 class=\"wp-block-heading\">\u00d6versyn av kulturmilj\u00f6inventering 2013 (<a href=\"#okmi2013\" title=\"\">\u00d6KMI2013<\/a>)<\/h2>\n\n\n\n<p>2013 fick \u00e5terigen Stockholms l\u00e4ns museum i uppdrag av Huddinge kommun att g\u00f6ra en \u00f6versyn av den g\u00e4llande kulturmilj\u00f6inventeringen fr\u00e5n 2003.<\/p>\n\n\n\n<p>Behovet av exploatering och f\u00f6rt\u00e4tning av bebyggelsen i kommunen \u00e4r stort och f\u00f6r att kunna ta h\u00e4nsyn till kulturmilj\u00f6erna i det arbetet finns ett behov av att uppdatera de bed\u00f6mningar som tidigare gjorts.<\/p>\n\n\n\n<p>\u00d6versynen av kulturmilj\u00f6inventeringen syftade till att f\u00f6rtydliga kulturmilj\u00f6ernas utbredning samt t\u00e5lighet vad g\u00e4ller till\u00e4gg i form av ny bebyggelse, inom omr\u00e5dena eller i direkt anslutning till dessa.<\/p>\n\n\n\n<p>Texterna i \u00f6versynen har kompletterats med st\u00e4llningstaganden vad g\u00e4ller m\u00f6jligheter till exploatering och f\u00f6rt\u00e4tning utifr\u00e5n ett kulturhistoriskt perspektiv. Bed\u00f6mningarna vad g\u00e4ller exploatering\/f\u00f6rt\u00e4tning i \u00f6versynen \u00e4r gjorda utifr\u00e5n omr\u00e5denas t\u00e5lighet ur ett kulturhistoriskt perspektiv.<\/p>\n\n\n\n<ul class=\"wp-block-list\">\n<li>R\u00f6tt (R) betyder: Kulturhistoriskt v\u00e4rdefull milj\u00f6. K\u00e4nslig f\u00f6r tillkommande bebyggelse och ska inte komma i fr\u00e5ga f\u00f6r exploatering\/f\u00f6rt\u00e4tning.<\/li>\n\n\n\n<li>Gult (Y) betyder: Kulturhistoriskt v\u00e4rdefull milj\u00f6. T\u00e5l exploatering\/f\u00f6rt\u00e4tning i viss grad under f\u00f6ruts\u00e4ttning att den g\u00f6rs enligt identifierade m\u00f6nster och riktlinjer.<\/li>\n\n\n\n<li>Gr\u00f6nt (G) betyder: Milj\u00f6ns kulturhistoriska v\u00e4rden p\u00e5verkas inte av exploatering\/f\u00f6rt\u00e4tning under f\u00f6ruts\u00e4ttning att den g\u00f6rs enligt identifierade m\u00f6nster och riktlinjer.<\/li>\n<\/ul>\n\n\n\n<p>H\u00e4r \u00e4r till exempel Huddinge centrum:<\/p>\n\n\n\n<figure class=\"wp-block-image size-full\"><a href=\"https:\/\/www.stuvstasnattringe.se\/wp-content\/uploads\/2023\/05\/okmi2013-1.png\"><img loading=\"lazy\" decoding=\"async\" width=\"896\" height=\"795\" src=\"https:\/\/www.stuvstasnattringe.se\/wp-content\/uploads\/2023\/05\/okmi2013-1.png\" alt=\"\" class=\"wp-image-5516\" srcset=\"https:\/\/www.stuvstasnattringe.se\/wp-content\/uploads\/2023\/05\/okmi2013-1.png 896w, https:\/\/www.stuvstasnattringe.se\/wp-content\/uploads\/2023\/05\/okmi2013-1-300x266.png 300w, https:\/\/www.stuvstasnattringe.se\/wp-content\/uploads\/2023\/05\/okmi2013-1-768x681.png 768w, https:\/\/www.stuvstasnattringe.se\/wp-content\/uploads\/2023\/05\/okmi2013-1-705x626.png 705w\" sizes=\"auto, (max-width: 896px) 100vw, 896px\" \/><\/a><\/figure>\n<\/div><\/div>\n\n\n\n<div class=\"wp-block-group\"><div class=\"wp-block-group__inner-container is-layout-constrained wp-block-group-is-layout-constrained\">\n<h2 class=\"wp-block-heading\">Kulturmilj\u00f6program 2019 (<a href=\"#kmp2019\" title=\"\">KMP2019<\/a>)<\/h2>\n\n\n\n<p>\u00c5r 2017 fick samh\u00e4llsbyggnadsavdelningen i uppdrag av kommunstyrelsen att g\u00f6ra en \u00f6versyn av kulturmilj\u00f6n och ta fram ett nytt v\u00e4gledande dokument. Planenheten i kommunen skulle drev projektet och vi skapade en projektgrupp med representanter fr\u00e5n planenheten, bygglov, och samh\u00e4llsbyggnadsavdelningen strategiska enhet.<br>Professionella konsulter som skulle genomf\u00f6ra arbetet \u00e5t kommunen upphandlades och upphandlingen tillf\u00f6ll WSP:s antikvarier. WSP besiktigade delar av, inte hela Huddinge, och kom fram till olika f\u00f6rslag till avgr\u00e4nsningar, b\u00e5de minskade omr\u00e5den och ut\u00f6kade omr\u00e5den. I samr\u00e5d med kommunens tj\u00e4nstem\u00e4n, d\u00e4r bygglov i Huddinge genom sin antikvariskt kunniga var b\u00e4st insatt i kulturhistoriska omr\u00e5den, togs programmet fram d\u00e4r den sista delen pekar ut de omr\u00e5den och byggnader som utpekas som s\u00e4rskilt v\u00e4rdefulla.<\/p>\n\n\n\n<p>Syftet med kulturmilj\u00f6programmet \u00e4r att ge kommunen st\u00f6d att kunna fatta r\u00e4ttss\u00e4kra beslut med en likabehandling mot allm\u00e4nhet och intressenter kopplat till kulturhistoriskt v\u00e4rdefull bebyggelse.<\/p>\n\n\n\n<p><strong>Programmet ersatte tidigare inventeringar fr\u00e5n \u00e5r 2003 och \u00e5r 2013.<\/strong><\/p>\n\n\n\n<p>Varje utpekad milj\u00f6 inleds med en kortare text som beskriver historik och bed\u00f6mning av milj\u00f6ns kulturhistoriska v\u00e4rden. Vidare beskrivs \u00f6vergripande milj\u00f6ns tydligaste karakt\u00e4rsdrag genom bild och text samt \u00f6vergripande r\u00e5d och riktlinjer. R\u00e5d och riktlinjer ger en fingervisning om hur omr\u00e5det ska hanteras och g\u00e5r att koppla till de utpekade v\u00e4rdena p\u00e5 platsen och dess karakt\u00e4rsdrag. Vid \u00e4ndring i dessa kulturmilj\u00f6er ska antikvarisk sakkunnig medverka i planprocess och vid bygglov. Till varje milj\u00f6 finns en karta som visar milj\u00f6ns avgr\u00e4nsning och eventuella specifika byggnader och milj\u00f6er inom omr\u00e5det.<\/p>\n\n\n\n<figure class=\"wp-block-image size-full\"><a href=\"https:\/\/www.stuvstasnattringe.se\/wp-content\/uploads\/2023\/05\/kmp2019-1.png\"><img loading=\"lazy\" decoding=\"async\" width=\"800\" height=\"861\" src=\"https:\/\/www.stuvstasnattringe.se\/wp-content\/uploads\/2023\/05\/kmp2019-1.png\" alt=\"\" class=\"wp-image-5517\" srcset=\"https:\/\/www.stuvstasnattringe.se\/wp-content\/uploads\/2023\/05\/kmp2019-1.png 800w, https:\/\/www.stuvstasnattringe.se\/wp-content\/uploads\/2023\/05\/kmp2019-1-279x300.png 279w, https:\/\/www.stuvstasnattringe.se\/wp-content\/uploads\/2023\/05\/kmp2019-1-768x827.png 768w, https:\/\/www.stuvstasnattringe.se\/wp-content\/uploads\/2023\/05\/kmp2019-1-655x705.png 655w\" sizes=\"auto, (max-width: 800px) 100vw, 800px\" \/><\/a><\/figure>\n<\/div><\/div>\n\n\n\n<h2 class=\"wp-block-heading\">K\u00e4llh\u00e4nvisning<\/h2>\n\n\n\n<p id=\"kmi1986\"><strong>KMI1986: Huddinge kulturmilj\u00f6inventering<\/strong><br>Lundkvist, Ingvar &#8211; Stockholms l\u00e4ns museum<br>ISBN 9187006022<\/p>\n\n\n\n<p id=\"rkmi2003\"><strong>RKMI2003: Huddinge : Reviderad kulturmilj\u00f6inventering<\/strong><br>Boogh, Elisabeth &#8211; Lundstr\u00f6m, \u00c5sa &#8211; Stockholms l\u00e4ns museum &#8211; Huddinge kommun<br>ISBN 9187006367<\/p>\n\n\n\n<p id=\"okmi2013\"><strong>\u00d6KMI2013: \u00d6versyn av kulturmilj\u00f6inventering i Huddinge<\/strong><br>Uller, Albin &#8211; Berglund, Martina &#8211; Stockholms l\u00e4ns museum<br><a href=\"https:\/\/www.stuvstasnattringe.se\/wp-content\/uploads\/2023\/05\/Oversyn-kulturmiljoinventering-2013.pdf\" target=\"_blank\" rel=\"noopener\" title=\"\">Rapport 2013:11<\/a><\/p>\n\n\n\n<p id=\"kmp2019\"><strong>KMP2019: Kulturmilj\u00f6program 2019<\/strong><\/p>\n\n\n\n<ul class=\"wp-block-list\">\n<li><a href=\"https:\/\/www.stuvstasnattringe.se\/wp-content\/uploads\/2023\/05\/Kulturmiljoprogram-2019-del-1.pdf\" target=\"_blank\" rel=\"noopener\" title=\"\">Huddinge kulturmilj\u00f6program, Inledning &#8211; Del 1 av 3<\/a><\/li>\n\n\n\n<li><a href=\"https:\/\/www.stuvstasnattringe.se\/wp-content\/uploads\/2023\/05\/Kulturmiljoprogram-2019-del-2.pdf\" target=\"_blank\" rel=\"noopener\" title=\"\">Huddinge kulturmilj\u00f6program, Karakt\u00e4rsmilj\u00f6er &#8211; Del 2 av 3<\/a><\/li>\n\n\n\n<li><a href=\"https:\/\/www.stuvstasnattringe.se\/wp-content\/uploads\/2023\/05\/Kulturmiljoprogram-2019-del-3.pdf\" target=\"_blank\" rel=\"noopener\" title=\"\">Huddinge kulturmilj\u00f6program, S\u00e4rskilt v\u00e4rdefulla kulturmilj\u00f6er &#8211; Del 3 av 3<\/a><\/li>\n<\/ul>\n","protected":false},"excerpt":{"rendered":"<p>Bakgrund Den 1:a juli 1987 tr\u00e4dde Plan- och bygglag (1987:10), \u00c4PBL, i kraft i Sverige. Enligt denna lag var alla kommuner skyldiga att uppr\u00e4tta en \u00f6versiktsplan f\u00f6r hela kommunen. \u00d6versiktsplanen omfattar hela kommunen och ska ge v\u00e4gledning f\u00f6r hur mark- och vattenomr\u00e5den ska anv\u00e4ndas och hur den byggda milj\u00f6n ska anv\u00e4ndas, utvecklas och bevaras. Detta [&hellip;]<\/p>\n","protected":false},"author":4,"featured_media":0,"parent":0,"menu_order":0,"comment_status":"closed","ping_status":"closed","template":"","meta":{"footnotes":""},"class_list":["post-5505","page","type-page","status-publish","hentry"],"aioseo_notices":[],"_links":{"self":[{"href":"https:\/\/www.stuvstasnattringe.se\/index.php\/wp-json\/wp\/v2\/pages\/5505","targetHints":{"allow":["GET"]}}],"collection":[{"href":"https:\/\/www.stuvstasnattringe.se\/index.php\/wp-json\/wp\/v2\/pages"}],"about":[{"href":"https:\/\/www.stuvstasnattringe.se\/index.php\/wp-json\/wp\/v2\/types\/page"}],"author":[{"embeddable":true,"href":"https:\/\/www.stuvstasnattringe.se\/index.php\/wp-json\/wp\/v2\/users\/4"}],"replies":[{"embeddable":true,"href":"https:\/\/www.stuvstasnattringe.se\/index.php\/wp-json\/wp\/v2\/comments?post=5505"}],"version-history":[{"count":9,"href":"https:\/\/www.stuvstasnattringe.se\/index.php\/wp-json\/wp\/v2\/pages\/5505\/revisions"}],"predecessor-version":[{"id":5525,"href":"https:\/\/www.stuvstasnattringe.se\/index.php\/wp-json\/wp\/v2\/pages\/5505\/revisions\/5525"}],"wp:attachment":[{"href":"https:\/\/www.stuvstasnattringe.se\/index.php\/wp-json\/wp\/v2\/media?parent=5505"}],"curies":[{"name":"wp","href":"https:\/\/api.w.org\/{rel}","templated":true}]}}